{"id":2,"date":"2022-03-05T00:55:26","date_gmt":"2022-03-04T23:55:26","guid":{"rendered":"http:\/\/www.rio.laeken.brussels\/?page_id=2"},"modified":"2022-03-06T08:56:30","modified_gmt":"2022-03-06T07:56:30","slug":"page-d-exemple","status":"publish","type":"page","link":"https:\/\/www.rio.laeken.brussels\/","title":{"rendered":"Le cin\u00e9ma Rio"},"content":{"rendered":"\n<p><\/p>\n\n\n\n<p>Cette page est d\u00e9di\u00e9e \u00e0 l\u2019ancien cin\u00e9ma Rio, dernier des trois cin\u00e9mas autrefois pr\u00e9sents sur la Rue-Marie Christine \u00e0 Laeken.&nbsp;<\/p>\n\n\n\n<p>Le b\u00e2timent fait actuellement objet d\u2019un avis d\u2019enqu\u00eate publique pour transformer le rez-de-chauss\u00e9e et r\u00e9nover l\u2019\u00e9tage \u2013 l\u2019ancienne salle, r\u00e9cemment class\u00e9e. <\/p>\n\n\n\n<p>L\u2019id\u00e9e est maintenant de rouvrir le d\u00e9bat pour sauver ce patrimoine et trouver un accord publique priv\u00e9 au plus vite.<\/p>\n\n\n\n<p>Vous trouverez ici toutes les informations concernant cette enqu\u00eate publique, l\u2019histoire du Rio et de la Rue Marie-Christine \u2013 ancienne rue des cin\u00e9mas \u2013 et les \u00e9tudes qui ont \u00e9t\u00e9 faites pr\u00e9alablement par le collectif Rio on Air pour restaurer le cin\u00e9ma et lui rendre sa gloire d\u2019antan.<\/p>\n\n\n\n<p><\/p>\n\n\n\n<div class=\"wp-block-cover is-light\"><span aria-hidden=\"true\" class=\"wp-block-cover__gradient-background has-background-dim\"><\/span><img loading=\"lazy\" decoding=\"async\" width=\"1440\" height=\"1079\" class=\"wp-block-cover__image-background wp-image-42\" alt=\"Si\u00e8ges de cin\u00e9ma\" src=\"https:\/\/www.rio.laeken.brussels\/wp-content\/uploads\/2022\/03\/Sieges.jpg\" data-object-fit=\"cover\" srcset=\"https:\/\/www.rio.laeken.brussels\/wp-content\/uploads\/2022\/03\/Sieges.jpg 1440w, https:\/\/www.rio.laeken.brussels\/wp-content\/uploads\/2022\/03\/Sieges-300x225.jpg 300w, https:\/\/www.rio.laeken.brussels\/wp-content\/uploads\/2022\/03\/Sieges-1024x767.jpg 1024w, https:\/\/www.rio.laeken.brussels\/wp-content\/uploads\/2022\/03\/Sieges-768x575.jpg 768w\" sizes=\"auto, (max-width: 706px) 89vw, (max-width: 767px) 82vw, 740px\" \/><div class=\"wp-block-cover__inner-container is-layout-flow wp-block-cover-is-layout-flow\">\n<p class=\"has-large-font-size\"><\/p>\n<\/div><\/div>\n\n\n\n<p><\/p>\n","protected":false},"excerpt":{"rendered":"<p>Cette page est d\u00e9di\u00e9e \u00e0 l\u2019ancien cin\u00e9ma Rio, dernier des trois cin\u00e9mas autrefois pr\u00e9sents sur la Rue-Marie Christine \u00e0 Laeken.&nbsp; Le b\u00e2timent fait actuellement objet d\u2019un avis d\u2019enqu\u00eate publique pour transformer le rez-de-chauss\u00e9e et r\u00e9nover l\u2019\u00e9tage \u2013 l\u2019ancienne salle, r\u00e9cemment class\u00e9e. L\u2019id\u00e9e est maintenant de rouvrir le d\u00e9bat pour sauver ce patrimoine et trouver un &hellip; <\/p>\n<p class=\"link-more\"><a href=\"https:\/\/www.rio.laeken.brussels\/\" class=\"more-link\">Continuer la lecture<span class=\"screen-reader-text\"> de &laquo;&nbsp;Le cin\u00e9ma Rio&nbsp;&raquo;<\/span><\/a><\/p>\n","protected":false},"author":1,"featured_media":36,"parent":0,"menu_order":1,"comment_status":"closed","ping_status":"open","template":"","meta":{"footnotes":""},"class_list":["post-2","page","type-page","status-publish","has-post-thumbnail","hentry"],"_links":{"self":[{"href":"https:\/\/www.rio.laeken.brussels\/index.php\/wp-json\/wp\/v2\/pages\/2","targetHints":{"allow":["GET"]}}],"collection":[{"href":"https:\/\/www.rio.laeken.brussels\/index.php\/wp-json\/wp\/v2\/pages"}],"about":[{"href":"https:\/\/www.rio.laeken.brussels\/index.php\/wp-json\/wp\/v2\/types\/page"}],"author":[{"embeddable":true,"href":"https:\/\/www.rio.laeken.brussels\/index.php\/wp-json\/wp\/v2\/users\/1"}],"replies":[{"embeddable":true,"href":"https:\/\/www.rio.laeken.brussels\/index.php\/wp-json\/wp\/v2\/comments?post=2"}],"version-history":[{"count":9,"href":"https:\/\/www.rio.laeken.brussels\/index.php\/wp-json\/wp\/v2\/pages\/2\/revisions"}],"predecessor-version":[{"id":103,"href":"https:\/\/www.rio.laeken.brussels\/index.php\/wp-json\/wp\/v2\/pages\/2\/revisions\/103"}],"wp:featuredmedia":[{"embeddable":true,"href":"https:\/\/www.rio.laeken.brussels\/index.php\/wp-json\/wp\/v2\/media\/36"}],"wp:attachment":[{"href":"https:\/\/www.rio.laeken.brussels\/index.php\/wp-json\/wp\/v2\/media?parent=2"}],"curies":[{"name":"wp","href":"https:\/\/api.w.org\/{rel}","templated":true}]}}