{"id":76,"date":"2022-03-05T22:05:58","date_gmt":"2022-03-05T21:05:58","guid":{"rendered":"http:\/\/www.rio.laeken.brussels\/?page_id=76"},"modified":"2022-03-06T21:50:30","modified_gmt":"2022-03-06T20:50:30","slug":"enquete-publique","status":"publish","type":"page","link":"https:\/\/www.rio.laeken.brussels\/index.php\/enquete-publique\/","title":{"rendered":"Enqu\u00eate publique"},"content":{"rendered":"\n<p>Les documents relatifs au permis d&rsquo;urbanisme demand\u00e9 sont accessible sur le site <a href=\"https:\/\/openpermits.brussels\/fr\/_04\/PFU\/1767121?fbclid=IwAR3di1BdS1ZNVXQy-DmF1pHyE2UcKb1DsV-EaXM13VRuSZXyCohwCRMeuGo\">openpermits.brussels<\/a>.<\/p>\n\n\n\n<p>Il y a plusieurs options pour r\u00e9pondre \u00e0 cette enqu\u00eate publique <strong>avant le 10 mars<\/strong>:<br><br>1) Un <a href=\"https:\/\/www.bruxelles.be\/sites\/default\/files\/public-inquiry\/Rue_Marie-Christine_100_-_102_PU-M13462021.pdf\">formulaire d&rsquo;avis d&rsquo;enqu\u00eate publique<\/a> est disponible en ligne, \u00e0 renvoyer  au service d&rsquo;urbanisme de la Ville de Bruxelles.<\/p>\n\n\n\n<p>2) Vous pouvez \u00e9galement  \u00e9crire un e-mail \u00e0 l\u2019adresse suivante:&nbsp;<a href=\"mailto:urb.commissionconcertation@brucity.be\">urb.commissionconcertation@brucity.be<\/a><br>ou envoyer vos observations <strong>par \u00e9crit<\/strong> au<br> <br><strong>Coll\u00e8ge des Bourgmestre et Echevins<br>D\u00e9partement Urbanisme &#8211; Secr\u00e9tariat de la Commission de concertation<br>Boulevard Anspach, 6 <br>1000 Bruxelles<\/strong><\/p>\n\n\n\n<p>3) Finalement, vous pouvez \u00e9galement intervenir oralement, aupr\u00e8s de l\u2019agent d\u00e9sign\u00e9 \u00e0 cet effet au D\u00e9partement Urbanisme,&nbsp;<strong>exclusivement sur rendez-vous (t\u00e9l. n\u00b0 02\/279.29.29)<\/strong>.<\/p>\n\n\n\n<p><br>Nous vous proposons ci-dessous des <strong>mod\u00e8les de lettres<\/strong> dont vous pouvez vous inspirez dans vos r\u00e9ponses.<\/p>\n\n\n\n<p><\/p>\n\n\n\n<p><strong>Mod\u00e8le de lettre FR <a href=\"https:\/\/www.rio.laeken.brussels\/wp-content\/uploads\/2022\/03\/Lettre-modele-Cinema-Rio-2.docx\">(docx)<\/a> <a href=\"https:\/\/www.rio.laeken.brussels\/wp-content\/uploads\/2022\/03\/Lettre-modele-Cinema-Rio-2.pdf\">(pdf)<\/a>      Mod\u00e8le de lettre NL <a href=\"https:\/\/www.rio.laeken.brussels\/wp-content\/uploads\/2022\/03\/voorstel-brief-RIO-CINEMA-2.docx\">(docx)<\/a> <a href=\"https:\/\/www.rio.laeken.brussels\/wp-content\/uploads\/2022\/03\/voorstel-brief-RIO-CINEMA-2.pdf\">(pdf)<\/a><\/strong><br><br><strong>Important : N&rsquo;oubliez pas de pr\u00e9ciser que vous souhaitez \u00eatre entendu par la commission de concertation<\/strong> (Seules les personnes ayant express\u00e9ment sollicit\u00e9 \u00e0 \u00eatre entendues lors de l\u2019enqu\u00eate publique seront admises \u00e0 la commission de concertation. )<\/p>\n\n\n\n<p><br><strong>Parlez-en autour de vous et faites aussi signez vos proches et voisins !<\/strong><\/p>\n","protected":false},"excerpt":{"rendered":"<p>Les documents relatifs au permis d&rsquo;urbanisme demand\u00e9 sont accessible sur le site openpermits.brussels. Il y a plusieurs options pour r\u00e9pondre \u00e0 cette enqu\u00eate publique avant le 10 mars: 1) Un formulaire d&rsquo;avis d&rsquo;enqu\u00eate publique est disponible en ligne, \u00e0 renvoyer au service d&rsquo;urbanisme de la Ville de Bruxelles. 2) Vous pouvez \u00e9galement \u00e9crire un e-mail &hellip; <\/p>\n<p class=\"link-more\"><a href=\"https:\/\/www.rio.laeken.brussels\/index.php\/enquete-publique\/\" class=\"more-link\">Continuer la lecture<span class=\"screen-reader-text\"> de &laquo;&nbsp;Enqu\u00eate publique&nbsp;&raquo;<\/span><\/a><\/p>\n","protected":false},"author":3,"featured_media":122,"parent":0,"menu_order":0,"comment_status":"closed","ping_status":"closed","template":"","meta":{"footnotes":""},"class_list":["post-76","page","type-page","status-publish","has-post-thumbnail","hentry"],"_links":{"self":[{"href":"https:\/\/www.rio.laeken.brussels\/index.php\/wp-json\/wp\/v2\/pages\/76","targetHints":{"allow":["GET"]}}],"collection":[{"href":"https:\/\/www.rio.laeken.brussels\/index.php\/wp-json\/wp\/v2\/pages"}],"about":[{"href":"https:\/\/www.rio.laeken.brussels\/index.php\/wp-json\/wp\/v2\/types\/page"}],"author":[{"embeddable":true,"href":"https:\/\/www.rio.laeken.brussels\/index.php\/wp-json\/wp\/v2\/users\/3"}],"replies":[{"embeddable":true,"href":"https:\/\/www.rio.laeken.brussels\/index.php\/wp-json\/wp\/v2\/comments?post=76"}],"version-history":[{"count":16,"href":"https:\/\/www.rio.laeken.brussels\/index.php\/wp-json\/wp\/v2\/pages\/76\/revisions"}],"predecessor-version":[{"id":168,"href":"https:\/\/www.rio.laeken.brussels\/index.php\/wp-json\/wp\/v2\/pages\/76\/revisions\/168"}],"wp:featuredmedia":[{"embeddable":true,"href":"https:\/\/www.rio.laeken.brussels\/index.php\/wp-json\/wp\/v2\/media\/122"}],"wp:attachment":[{"href":"https:\/\/www.rio.laeken.brussels\/index.php\/wp-json\/wp\/v2\/media?parent=76"}],"curies":[{"name":"wp","href":"https:\/\/api.w.org\/{rel}","templated":true}]}}